{"id":661,"date":"2021-02-26T00:00:57","date_gmt":"2021-02-26T05:00:57","guid":{"rendered":"https:\/\/nueva.captura.pe\/?post_type=product&#038;p=661"},"modified":"2021-05-19T18:04:42","modified_gmt":"2021-05-19T23:04:42","slug":"recomendaciones-para-prevenir-el-covid-19","status":"publish","type":"product","link":"https:\/\/captura.pe\/en\/product\/recomendaciones-para-prevenir-el-covid-19\/","title":{"rendered":"Recommendations for preventing Covid-19"},"content":{"rendered":"<h3>COURSE OBJECTIVES<\/h3>\n<p>En este curso conocer\u00e1s la informaci\u00f3n m\u00e1s relevante sobre el Covid-19 y las nuevas variantes. Adem\u00e1s, aprender\u00e1s sobre las recomendaciones para el cuidado \u00f3ptimo en el d\u00eda a d\u00eda.<\/p>\n<p>Duration: 1 hour<\/p>","protected":false},"excerpt":{"rendered":"<p>Learn how to protect yourself to prevent contagion.<\/p>","protected":false},"featured_media":189,"comment_status":"closed","ping_status":"closed","template":"","meta":{"_acf_changed":false,"om_disable_all_campaigns":false,"_monsterinsights_skip_tracking":false,"_monsterinsights_sitenote_active":false,"_monsterinsights_sitenote_note":"","_monsterinsights_sitenote_category":0,"_uf_show_specific_survey":0,"_uf_disable_surveys":false,"_joinchat":[]},"product_cat":[30],"product_tag":[],"class_list":{"0":"post-661","1":"product","2":"type-product","3":"status-publish","4":"has-post-thumbnail","6":"product_cat-seguridad-y-salud-ocupacional","8":"first","9":"instock","10":"virtual","11":"purchasable","12":"product-type-simple"},"acf":[],"aioseo_notices":[],"_links":{"self":[{"href":"https:\/\/captura.pe\/en\/wp-json\/wp\/v2\/product\/661","targetHints":{"allow":["GET"]}}],"collection":[{"href":"https:\/\/captura.pe\/en\/wp-json\/wp\/v2\/product"}],"about":[{"href":"https:\/\/captura.pe\/en\/wp-json\/wp\/v2\/types\/product"}],"replies":[{"embeddable":true,"href":"https:\/\/captura.pe\/en\/wp-json\/wp\/v2\/comments?post=661"}],"wp:featuredmedia":[{"embeddable":true,"href":"https:\/\/captura.pe\/en\/wp-json\/wp\/v2\/media\/189"}],"wp:attachment":[{"href":"https:\/\/captura.pe\/en\/wp-json\/wp\/v2\/media?parent=661"}],"wp:term":[{"taxonomy":"product_cat","embeddable":true,"href":"https:\/\/captura.pe\/en\/wp-json\/wp\/v2\/product_cat?post=661"},{"taxonomy":"product_tag","embeddable":true,"href":"https:\/\/captura.pe\/en\/wp-json\/wp\/v2\/product_tag?post=661"}],"curies":[{"name":"wp","href":"https:\/\/api.w.org\/{rel}","templated":true}]}}