{"id":3,"date":"2021-01-26T13:30:58","date_gmt":"2021-01-26T13:30:58","guid":{"rendered":"https:\/\/nueva.captura.pe\/?page_id=3"},"modified":"2021-04-05T09:08:31","modified_gmt":"2021-04-05T14:08:31","slug":"politica-privacidad","status":"publish","type":"page","link":"https:\/\/captura.pe\/en\/politica-privacidad\/","title":{"rendered":"Privacy Policy"},"content":{"rendered":"<h4 class=\"wp-block-heading\">\u00bfQu\u00e9 datos personales recogemos y c\u00f3mo los recogemos?<\/h4>\n\n\n\n<h5 class=\"wp-block-heading\">Through forms<\/h5>\n\n\n\n<p>Through the forms, we collect the information that appears in the fields of the forms. This information is used solely to communicate with you or for the purpose explained in the form. Additionally, we may store your IP address to maintain a record of the source.<\/p>\n\n\n\n<h4 class=\"wp-block-heading\">\u00bfQu\u00e9 derechos tienes sobre tus datos?<\/h4>\n\n\n\n<p>If you have an account or have left comments on this website, you can request to receive an export file of the personal data we have about you, including any data you have provided to us. You can also request that we erase any personal data we hold about you. This does not include any data we are obliged to keep for administrative, legal, or security purposes.<\/p>\n\n\n\n<h4 class=\"wp-block-heading\">Confidencialidad de los datos personales<\/h4>\n\n\n\n<p>The personal data provided by individuals will be treated with total confidentiality, and the duty to keep them will be guaranteed by adopting all necessary security measures.<\/p>\n\n\n\n<h4 class=\"wp-block-heading\">Sobre el ejercicio de derechos como titular de datos personales<\/h4>\n\n\n\n<p>Individuals who have provided their personal data can exercise their rights of access, rectification, cancellation, and opposition, to prevent the supply of their personal data, to oppose processing, or to objective processing of the data, in the terms established by Peruvian law. To exercise these rights, individuals must send the request to the email address [info@captura.pe] with the subject <strong>\"Personal Data Protection,\"<\/strong>providing their data, proving their identity, and stating the reasons for their request.<\/p>\n\n\n\n<h4 class=\"wp-block-heading\">Vigencia y Modificaci\u00f3n de la Pol\u00edtica de Privacidad<\/h4>\n\n\n\n<p>We reserve the right to modify this Privacy Policy in the event of a change in current legislation, doctrine, or jurisprudence. We may make modifications and corrections to this Privacy Policy. If any changes are made to this Policy, the new text will be published on the platform. Please regularly check this document to review any changes that may have occurred and how they may affect you.<\/p>","protected":false},"excerpt":{"rendered":"<p>\u00bfQu\u00e9 datos personales recogemos y c\u00f3mo los recogemos? Por medio de formularios A trav\u00e9s de los formularios recopilamos la informaci\u00f3n que aparece en los campos de los mismos. Esta informaci\u00f3n es utilizada \u00fanicamente para comunicarnos contigo o para el prop\u00f3sito explicado en el formulario. Adicionalmente podemos almacenar tu direcci\u00f3n IP para mantener un registro del [&hellip;]<\/p>","protected":false},"author":1,"featured_media":0,"parent":0,"menu_order":0,"comment_status":"closed","ping_status":"open","template":"","meta":{"_acf_changed":false,"om_disable_all_campaigns":false,"_monsterinsights_skip_tracking":false,"_monsterinsights_sitenote_active":false,"_monsterinsights_sitenote_note":"","_monsterinsights_sitenote_category":0,"_uf_show_specific_survey":0,"_uf_disable_surveys":false,"_joinchat":[],"footnotes":""},"class_list":["post-3","page","type-page","status-publish","hentry"],"acf":[],"aioseo_notices":[],"_links":{"self":[{"href":"https:\/\/captura.pe\/en\/wp-json\/wp\/v2\/pages\/3","targetHints":{"allow":["GET"]}}],"collection":[{"href":"https:\/\/captura.pe\/en\/wp-json\/wp\/v2\/pages"}],"about":[{"href":"https:\/\/captura.pe\/en\/wp-json\/wp\/v2\/types\/page"}],"author":[{"embeddable":true,"href":"https:\/\/captura.pe\/en\/wp-json\/wp\/v2\/users\/1"}],"replies":[{"embeddable":true,"href":"https:\/\/captura.pe\/en\/wp-json\/wp\/v2\/comments?post=3"}],"version-history":[{"count":2,"href":"https:\/\/captura.pe\/en\/wp-json\/wp\/v2\/pages\/3\/revisions"}],"predecessor-version":[{"id":863,"href":"https:\/\/captura.pe\/en\/wp-json\/wp\/v2\/pages\/3\/revisions\/863"}],"wp:attachment":[{"href":"https:\/\/captura.pe\/en\/wp-json\/wp\/v2\/media?parent=3"}],"curies":[{"name":"wp","href":"https:\/\/api.w.org\/{rel}","templated":true}]}}