{"id":1306,"date":"2022-08-07T19:52:28","date_gmt":"2022-08-08T00:52:28","guid":{"rendered":"https:\/\/captura.pe\/?page_id=1306"},"modified":"2022-08-09T08:02:02","modified_gmt":"2022-08-09T13:02:02","slug":"blog2","status":"publish","type":"page","link":"https:\/\/captura.pe\/en\/blog2\/","title":{"rendered":"Blog"},"content":{"rendered":"<div data-elementor-type=\"wp-page\" data-elementor-id=\"1306\" class=\"elementor elementor-1306\" data-elementor-post-type=\"page\">\n\t\t\t\t\t\t<section class=\"elementor-section elementor-top-section elementor-element elementor-element-e91e6f0 elementor-section-boxed elementor-section-height-default elementor-section-height-default\" data-id=\"e91e6f0\" data-element_type=\"section\">\n\t\t\t\t\t\t<div class=\"elementor-container elementor-column-gap-default\">\n\t\t\t\t\t<div class=\"elementor-column elementor-col-100 elementor-top-column elementor-element elementor-element-3bfde90\" data-id=\"3bfde90\" data-element_type=\"column\">\n\t\t\t<div class=\"elementor-widget-wrap elementor-element-populated\">\n\t\t\t\t\t\t<div class=\"elementor-element elementor-element-599e2fa elementor-widget elementor-widget-image\" data-id=\"599e2fa\" data-element_type=\"widget\" data-widget_type=\"image.default\">\n\t\t\t\t<div class=\"elementor-widget-container\">\n\t\t\t\t\t\t\t\t\t\t\t\t\t\t\t<img fetchpriority=\"high\" decoding=\"async\" width=\"1440\" height=\"473\" src=\"https:\/\/captura.pe\/wp-content\/uploads\/2022\/08\/blog2.jpg\" class=\"attachment-full size-full wp-image-1325\" alt=\"\" srcset=\"https:\/\/captura.pe\/wp-content\/uploads\/2022\/08\/blog2.jpg 1440w, https:\/\/captura.pe\/wp-content\/uploads\/2022\/08\/blog2-300x99.jpg 300w, https:\/\/captura.pe\/wp-content\/uploads\/2022\/08\/blog2-1024x336.jpg 1024w, https:\/\/captura.pe\/wp-content\/uploads\/2022\/08\/blog2-768x252.jpg 768w, https:\/\/captura.pe\/wp-content\/uploads\/2022\/08\/blog2-600x197.jpg 600w\" sizes=\"(max-width: 1440px) 100vw, 1440px\" \/>\t\t\t\t\t\t\t\t\t\t\t\t\t\t\t<\/div>\n\t\t\t\t<\/div>\n\t\t\t\t\t<\/div>\n\t\t<\/div>\n\t\t\t\t\t<\/div>\n\t\t<\/section>\n\t\t\t\t<section class=\"elementor-section elementor-top-section elementor-element elementor-element-d24ffbf elementor-section-boxed elementor-section-height-default elementor-section-height-default\" data-id=\"d24ffbf\" data-element_type=\"section\">\n\t\t\t\t\t\t<div class=\"elementor-container elementor-column-gap-default\">\n\t\t\t\t\t<div class=\"elementor-column elementor-col-100 elementor-top-column elementor-element elementor-element-dbb5f71\" data-id=\"dbb5f71\" data-element_type=\"column\">\n\t\t\t<div class=\"elementor-widget-wrap elementor-element-populated\">\n\t\t\t\t\t\t<div class=\"elementor-element elementor-element-acf9d41 elementor-widget elementor-widget-spacer\" data-id=\"acf9d41\" data-element_type=\"widget\" data-widget_type=\"spacer.default\">\n\t\t\t\t<div class=\"elementor-widget-container\">\n\t\t\t\t\t\t\t<div class=\"elementor-spacer\">\n\t\t\t<div class=\"elementor-spacer-inner\"><\/div>\n\t\t<\/div>\n\t\t\t\t\t\t<\/div>\n\t\t\t\t<\/div>\n\t\t\t\t\t<\/div>\n\t\t<\/div>\n\t\t\t\t\t<\/div>\n\t\t<\/section>\n\t\t\t\t<section class=\"elementor-section elementor-top-section elementor-element elementor-element-dab4872 elementor-section-boxed elementor-section-height-default elementor-section-height-default\" data-id=\"dab4872\" data-element_type=\"section\">\n\t\t\t\t\t\t<div class=\"elementor-container elementor-column-gap-default\">\n\t\t\t\t\t<div class=\"elementor-column elementor-col-100 elementor-top-column elementor-element elementor-element-b535037\" data-id=\"b535037\" data-element_type=\"column\">\n\t\t\t<div class=\"elementor-widget-wrap elementor-element-populated\">\n\t\t\t\t\t\t<div class=\"elementor-element elementor-element-1ad976e elementor-grid-3 elementor-grid-tablet-2 elementor-grid-mobile-1 elementor-posts--thumbnail-top elementor-widget elementor-widget-posts\" data-id=\"1ad976e\" data-element_type=\"widget\" data-settings=\"{&quot;classic_columns&quot;:&quot;3&quot;,&quot;classic_columns_tablet&quot;:&quot;2&quot;,&quot;classic_columns_mobile&quot;:&quot;1&quot;,&quot;classic_row_gap&quot;:{&quot;unit&quot;:&quot;px&quot;,&quot;size&quot;:35,&quot;sizes&quot;:[]},&quot;classic_row_gap_tablet&quot;:{&quot;unit&quot;:&quot;px&quot;,&quot;size&quot;:&quot;&quot;,&quot;sizes&quot;:[]},&quot;classic_row_gap_mobile&quot;:{&quot;unit&quot;:&quot;px&quot;,&quot;size&quot;:&quot;&quot;,&quot;sizes&quot;:[]}}\" data-widget_type=\"posts.classic\">\n\t\t\t\t<div class=\"elementor-widget-container\">\n\t\t\t\t\t\t\t<div class=\"elementor-posts-container elementor-posts elementor-posts--skin-classic elementor-grid\">\n\t\t\t\t<article class=\"elementor-post elementor-grid-item post-1491 post type-post status-publish format-standard has-post-thumbnail hentry category-sin-categoria\">\n\t\t\t\t<a class=\"elementor-post__thumbnail__link\" href=\"https:\/\/captura.pe\/en\/como-evoluciono-el-e-learning-en-el-peru-el-ultimo-ano-beneficios-retos-y-mejoras-de-la-virtualizacion-de-cursos-y-capacitaciones\/\" tabindex=\"-1\" >\n\t\t\t<div class=\"elementor-post__thumbnail\"><img decoding=\"async\" width=\"300\" height=\"200\" src=\"https:\/\/captura.pe\/wp-content\/uploads\/2022\/12\/mariela-y-luca-300x200.webp\" class=\"attachment-medium size-medium wp-image-1493\" alt=\"\" srcset=\"https:\/\/captura.pe\/wp-content\/uploads\/2022\/12\/mariela-y-luca-300x200.webp 300w, https:\/\/captura.pe\/wp-content\/uploads\/2022\/12\/mariela-y-luca-1024x683.webp 1024w, https:\/\/captura.pe\/wp-content\/uploads\/2022\/12\/mariela-y-luca-768x512.webp 768w, https:\/\/captura.pe\/wp-content\/uploads\/2022\/12\/mariela-y-luca-1536x1024.webp 1536w, https:\/\/captura.pe\/wp-content\/uploads\/2022\/12\/mariela-y-luca-600x400.webp 600w, https:\/\/captura.pe\/wp-content\/uploads\/2022\/12\/mariela-y-luca.webp 1920w\" sizes=\"(max-width: 300px) 100vw, 300px\" \/><\/div>\n\t\t<\/a>\n\t\t\t\t<div class=\"elementor-post__text\">\n\t\t\t\t<h3 class=\"elementor-post__title\">\n\t\t\t<a href=\"https:\/\/captura.pe\/en\/como-evoluciono-el-e-learning-en-el-peru-el-ultimo-ano-beneficios-retos-y-mejoras-de-la-virtualizacion-de-cursos-y-capacitaciones\/\" >\n\t\t\t\tHow has e-learning evolved in Peru over the past year? Benefits, challenges, and improvements in the virtualization of courses and training\t\t\t<\/a>\n\t\t<\/h3>\n\t\t\t\t<div class=\"elementor-post__meta-data\">\n\t\t\t\t\t<span class=\"elementor-post-date\">\n\t\t\t2 de December de 2022\t\t<\/span>\n\t\t\t\t<span class=\"elementor-post-avatar\">\n\t\t\tNo Comments\t\t<\/span>\n\t\t\t\t<\/div>\n\t\t\t\t<div class=\"elementor-post__excerpt\">\n\t\t\t<p>&nbsp; Undoubtedly, e-learning has come to stay. This powerful tool has been a great alternative for companies that need to optimize resources in terms of time and costs while increasing productivity.<\/p>\n\t\t<\/div>\n\t\t\n\t\t<a class=\"elementor-post__read-more\" href=\"https:\/\/captura.pe\/en\/como-evoluciono-el-e-learning-en-el-peru-el-ultimo-ano-beneficios-retos-y-mejoras-de-la-virtualizacion-de-cursos-y-capacitaciones\/\" aria-label=\"Read more about \u00bfC\u00f3mo evolucion\u00f3 el e-learning en el Per\u00fa, el \u00faltimo a\u00f1o? Beneficios, retos y mejoras de la virtualizaci\u00f3n de cursos y capacitaciones\" tabindex=\"-1\" >\n\t\t\tLeer m\u00e1s \u00bb\t\t<\/a>\n\n\t\t\t\t<\/div>\n\t\t\t\t<\/article>\n\t\t\t\t<article class=\"elementor-post elementor-grid-item post-1450 post type-post status-publish format-standard has-post-thumbnail hentry category-sin-categoria\">\n\t\t\t\t<a class=\"elementor-post__thumbnail__link\" href=\"https:\/\/captura.pe\/en\/la-cereza-del-pastel-la-pone-calidad\/\" tabindex=\"-1\" >\n\t\t\t<div class=\"elementor-post__thumbnail\"><img decoding=\"async\" width=\"300\" height=\"211\" src=\"https:\/\/captura.pe\/wp-content\/uploads\/2022\/09\/CALIDAD-PORTADA-BLOG-1-300x211.png\" class=\"attachment-medium size-medium wp-image-1462\" alt=\"\" srcset=\"https:\/\/captura.pe\/wp-content\/uploads\/2022\/09\/CALIDAD-PORTADA-BLOG-1-300x211.png 300w, https:\/\/captura.pe\/wp-content\/uploads\/2022\/09\/CALIDAD-PORTADA-BLOG-1-600x423.png 600w, https:\/\/captura.pe\/wp-content\/uploads\/2022\/09\/CALIDAD-PORTADA-BLOG-1.png 657w\" sizes=\"(max-width: 300px) 100vw, 300px\" \/><\/div>\n\t\t<\/a>\n\t\t\t\t<div class=\"elementor-post__text\">\n\t\t\t\t<h3 class=\"elementor-post__title\">\n\t\t\t<a href=\"https:\/\/captura.pe\/en\/la-cereza-del-pastel-la-pone-calidad\/\" >\n\t\t\t\tThe icing on the cake is: QUALITY\t\t\t<\/a>\n\t\t<\/h3>\n\t\t\t\t<div class=\"elementor-post__meta-data\">\n\t\t\t\t\t<span class=\"elementor-post-date\">\n\t\t\t9 de September de 2022\t\t<\/span>\n\t\t\t\t<span class=\"elementor-post-avatar\">\n\t\t\tNo Comments\t\t<\/span>\n\t\t\t\t<\/div>\n\t\t\t\t<div class=\"elementor-post__excerpt\">\n\t\t\t<p>This area focuses on the final product, that is, the product that will be delivered to the client. Therefore, it could be said that it is the face towards the client. <\/p>\n\t\t<\/div>\n\t\t\n\t\t<a class=\"elementor-post__read-more\" href=\"https:\/\/captura.pe\/en\/la-cereza-del-pastel-la-pone-calidad\/\" aria-label=\"Read more about La cereza del pastel la pone: CALIDAD\" tabindex=\"-1\" >\n\t\t\tLeer m\u00e1s \u00bb\t\t<\/a>\n\n\t\t\t\t<\/div>\n\t\t\t\t<\/article>\n\t\t\t\t<article class=\"elementor-post elementor-grid-item post-1336 post type-post status-publish format-standard has-post-thumbnail hentry category-sin-categoria\">\n\t\t\t\t<a class=\"elementor-post__thumbnail__link\" href=\"https:\/\/captura.pe\/en\/elementor-1336\/\" tabindex=\"-1\" >\n\t\t\t<div class=\"elementor-post__thumbnail\"><img loading=\"lazy\" decoding=\"async\" width=\"300\" height=\"200\" src=\"https:\/\/captura.pe\/wp-content\/uploads\/2022\/08\/programador-300x200.jpg\" class=\"attachment-medium size-medium wp-image-1344\" alt=\"\" srcset=\"https:\/\/captura.pe\/wp-content\/uploads\/2022\/08\/programador-300x200.jpg 300w, https:\/\/captura.pe\/wp-content\/uploads\/2022\/08\/programador-1024x684.jpg 1024w, https:\/\/captura.pe\/wp-content\/uploads\/2022\/08\/programador-768x513.jpg 768w, https:\/\/captura.pe\/wp-content\/uploads\/2022\/08\/programador-1536x1025.jpg 1536w, https:\/\/captura.pe\/wp-content\/uploads\/2022\/08\/programador-2048x1367.jpg 2048w, https:\/\/captura.pe\/wp-content\/uploads\/2022\/08\/programador-600x401.jpg 600w\" sizes=\"(max-width: 300px) 100vw, 300px\" \/><\/div>\n\t\t<\/a>\n\t\t\t\t<div class=\"elementor-post__text\">\n\t\t\t\t<h3 class=\"elementor-post__title\">\n\t\t\t<a href=\"https:\/\/captura.pe\/en\/elementor-1336\/\" >\n\t\t\t\tDo you already know who is behind e-learning courses? Meet the role of the programmer: the one responsible for bringing courses to life.\t\t\t<\/a>\n\t\t<\/h3>\n\t\t\t\t<div class=\"elementor-post__meta-data\">\n\t\t\t\t\t<span class=\"elementor-post-date\">\n\t\t\t25 de August de 2022\t\t<\/span>\n\t\t\t\t<span class=\"elementor-post-avatar\">\n\t\t\tNo Comments\t\t<\/span>\n\t\t\t\t<\/div>\n\t\t\t\t<div class=\"elementor-post__excerpt\">\n\t\t\t<p>To do so, the programmer relies on the interactive elements and animated effects of the software they have, and they also possess the most important ingredient: their imagination.<\/p>\n\t\t<\/div>\n\t\t\n\t\t<a class=\"elementor-post__read-more\" href=\"https:\/\/captura.pe\/en\/elementor-1336\/\" aria-label=\"Read more about \u00bfYa sabes qui\u00e9n est\u00e1 detr\u00e1s de los cursos e-learning? Conoce el rol del programador: el responsable de darle vida a los cursos\" tabindex=\"-1\" >\n\t\t\tLeer m\u00e1s \u00bb\t\t<\/a>\n\n\t\t\t\t<\/div>\n\t\t\t\t<\/article>\n\t\t\t\t<article class=\"elementor-post elementor-grid-item post-1254 post type-post status-publish format-standard has-post-thumbnail hentry category-sin-categoria\">\n\t\t\t\t<a class=\"elementor-post__thumbnail__link\" href=\"https:\/\/captura.pe\/en\/secretos-nunca-antes-contados-de-la-virtualizacion-de-cursos\/\" tabindex=\"-1\" >\n\t\t\t<div class=\"elementor-post__thumbnail\"><img loading=\"lazy\" decoding=\"async\" width=\"300\" height=\"200\" src=\"https:\/\/captura.pe\/wp-content\/uploads\/2022\/07\/ARTICULO2-300x200.jpg\" class=\"attachment-medium size-medium wp-image-1258\" alt=\"\" srcset=\"https:\/\/captura.pe\/wp-content\/uploads\/2022\/07\/ARTICULO2-300x200.jpg 300w, https:\/\/captura.pe\/wp-content\/uploads\/2022\/07\/ARTICULO2-1024x683.jpg 1024w, https:\/\/captura.pe\/wp-content\/uploads\/2022\/07\/ARTICULO2-768x512.jpg 768w, https:\/\/captura.pe\/wp-content\/uploads\/2022\/07\/ARTICULO2-600x400.jpg 600w, https:\/\/captura.pe\/wp-content\/uploads\/2022\/07\/ARTICULO2.jpg 1200w\" sizes=\"(max-width: 300px) 100vw, 300px\" \/><\/div>\n\t\t<\/a>\n\t\t\t\t<div class=\"elementor-post__text\">\n\t\t\t\t<h3 class=\"elementor-post__title\">\n\t\t\t<a href=\"https:\/\/captura.pe\/en\/secretos-nunca-antes-contados-de-la-virtualizacion-de-cursos\/\" >\n\t\t\t\tSecrets never before revealed about course virtualization\t\t\t<\/a>\n\t\t<\/h3>\n\t\t\t\t<div class=\"elementor-post__meta-data\">\n\t\t\t\t\t<span class=\"elementor-post-date\">\n\t\t\t13 de July de 2022\t\t<\/span>\n\t\t\t\t<span class=\"elementor-post-avatar\">\n\t\t\tNo Comments\t\t<\/span>\n\t\t\t\t<\/div>\n\t\t\t\t<div class=\"elementor-post__excerpt\">\n\t\t\t<p>All of this is magic, it's a new alternative that, as you can see, has been in the market for many years, but this time technology has taken giant steps forward over the years<\/p>\n\t\t<\/div>\n\t\t\n\t\t<a class=\"elementor-post__read-more\" href=\"https:\/\/captura.pe\/en\/secretos-nunca-antes-contados-de-la-virtualizacion-de-cursos\/\" aria-label=\"Read more about Secretos nunca antes contados de la virtualizaci\u00f3n de cursos\" tabindex=\"-1\" >\n\t\t\tLeer m\u00e1s \u00bb\t\t<\/a>\n\n\t\t\t\t<\/div>\n\t\t\t\t<\/article>\n\t\t\t\t<article class=\"elementor-post elementor-grid-item post-1172 post type-post status-publish format-standard has-post-thumbnail hentry category-sin-categoria\">\n\t\t\t\t<a class=\"elementor-post__thumbnail__link\" href=\"https:\/\/captura.pe\/en\/elementor-1172\/\" tabindex=\"-1\" >\n\t\t\t<div class=\"elementor-post__thumbnail\"><img loading=\"lazy\" decoding=\"async\" width=\"300\" height=\"200\" src=\"https:\/\/captura.pe\/wp-content\/uploads\/2022\/07\/QUE-ES-CAPTURA-300x200.jpg\" class=\"attachment-medium size-medium wp-image-1413\" alt=\"\" srcset=\"https:\/\/captura.pe\/wp-content\/uploads\/2022\/07\/QUE-ES-CAPTURA-300x200.jpg 300w, https:\/\/captura.pe\/wp-content\/uploads\/2022\/07\/QUE-ES-CAPTURA-768x512.jpg 768w, https:\/\/captura.pe\/wp-content\/uploads\/2022\/07\/QUE-ES-CAPTURA-600x400.jpg 600w, https:\/\/captura.pe\/wp-content\/uploads\/2022\/07\/QUE-ES-CAPTURA.jpg 1024w\" sizes=\"(max-width: 300px) 100vw, 300px\" \/><\/div>\n\t\t<\/a>\n\t\t\t\t<div class=\"elementor-post__text\">\n\t\t\t\t<h3 class=\"elementor-post__title\">\n\t\t\t<a href=\"https:\/\/captura.pe\/en\/elementor-1172\/\" >\n\t\t\t\tDo you already know Captura E-Learning?\t\t\t<\/a>\n\t\t<\/h3>\n\t\t\t\t<div class=\"elementor-post__meta-data\">\n\t\t\t\t\t<span class=\"elementor-post-date\">\n\t\t\t4 de July de 2022\t\t<\/span>\n\t\t\t\t<span class=\"elementor-post-avatar\">\n\t\t\tNo Comments\t\t<\/span>\n\t\t\t\t<\/div>\n\t\t\t\t<div class=\"elementor-post__excerpt\">\n\t\t\t<p>Our team is characterized by being lovers of creativity. We have a unique ability to develop extraordinary content, and we possess the essential ingredients: high quality, heart, and a lot of dedication to each piece we create.<\/p>\n\t\t<\/div>\n\t\t\n\t\t<a class=\"elementor-post__read-more\" href=\"https:\/\/captura.pe\/en\/elementor-1172\/\" aria-label=\"Read more about \u00bfYa conoces Captura E-learning?\" tabindex=\"-1\" >\n\t\t\tLeer m\u00e1s \u00bb\t\t<\/a>\n\n\t\t\t\t<\/div>\n\t\t\t\t<\/article>\n\t\t\t\t<\/div>\n\t\t\n\t\t\t\t\t\t<\/div>\n\t\t\t\t<\/div>\n\t\t\t\t\t<\/div>\n\t\t<\/div>\n\t\t\t\t\t<\/div>\n\t\t<\/section>\n\t\t\t\t<\/div>","protected":false},"excerpt":{"rendered":"","protected":false},"author":4,"featured_media":0,"parent":0,"menu_order":0,"comment_status":"closed","ping_status":"closed","template":"","meta":{"_acf_changed":false,"om_disable_all_campaigns":false,"_monsterinsights_skip_tracking":false,"_monsterinsights_sitenote_active":false,"_monsterinsights_sitenote_note":"","_monsterinsights_sitenote_category":0,"_uf_show_specific_survey":0,"_uf_disable_surveys":false,"_joinchat":[],"footnotes":""},"class_list":["post-1306","page","type-page","status-publish","hentry"],"acf":[],"aioseo_notices":[],"_links":{"self":[{"href":"https:\/\/captura.pe\/en\/wp-json\/wp\/v2\/pages\/1306","targetHints":{"allow":["GET"]}}],"collection":[{"href":"https:\/\/captura.pe\/en\/wp-json\/wp\/v2\/pages"}],"about":[{"href":"https:\/\/captura.pe\/en\/wp-json\/wp\/v2\/types\/page"}],"author":[{"embeddable":true,"href":"https:\/\/captura.pe\/en\/wp-json\/wp\/v2\/users\/4"}],"replies":[{"embeddable":true,"href":"https:\/\/captura.pe\/en\/wp-json\/wp\/v2\/comments?post=1306"}],"version-history":[{"count":11,"href":"https:\/\/captura.pe\/en\/wp-json\/wp\/v2\/pages\/1306\/revisions"}],"predecessor-version":[{"id":1328,"href":"https:\/\/captura.pe\/en\/wp-json\/wp\/v2\/pages\/1306\/revisions\/1328"}],"wp:attachment":[{"href":"https:\/\/captura.pe\/en\/wp-json\/wp\/v2\/media?parent=1306"}],"curies":[{"name":"wp","href":"https:\/\/api.w.org\/{rel}","templated":true}]}}