{"id":116,"date":"2021-02-17T12:41:11","date_gmt":"2021-02-17T17:41:11","guid":{"rendered":"https:\/\/nueva.captura.pe\/nosotros\/"},"modified":"2023-02-21T15:29:37","modified_gmt":"2023-02-21T20:29:37","slug":"equipo","status":"publish","type":"page","link":"https:\/\/captura.pe\/en\/equipo\/","title":{"rendered":"Team"},"content":{"rendered":"<div data-elementor-type=\"wp-page\" data-elementor-id=\"116\" class=\"elementor elementor-116\" data-elementor-post-type=\"page\">\n\t\t\t\t\t\t<section class=\"elementor-section elementor-top-section elementor-element elementor-element-69d400d8 elementor-section-height-min-height elementor-section-boxed elementor-section-height-default elementor-section-items-middle\" data-id=\"69d400d8\" data-element_type=\"section\" data-settings=\"{&quot;background_background&quot;:&quot;classic&quot;}\">\n\t\t\t\t\t\t\t<div class=\"elementor-background-overlay\"><\/div>\n\t\t\t\t\t\t\t<div class=\"elementor-container elementor-column-gap-default\">\n\t\t\t\t\t<div class=\"elementor-column elementor-col-100 elementor-top-column elementor-element elementor-element-15355324\" data-id=\"15355324\" data-element_type=\"column\">\n\t\t\t<div class=\"elementor-widget-wrap elementor-element-populated\">\n\t\t\t\t\t\t\t<\/div>\n\t\t<\/div>\n\t\t\t\t\t<\/div>\n\t\t<\/section>\n\t\t\t\t<section class=\"elementor-section elementor-top-section elementor-element elementor-element-e055026 elementor-section-boxed elementor-section-height-default elementor-section-height-default\" data-id=\"e055026\" data-element_type=\"section\">\n\t\t\t\t\t\t<div class=\"elementor-container elementor-column-gap-default\">\n\t\t\t\t\t<div class=\"elementor-column elementor-col-100 elementor-top-column elementor-element elementor-element-a1afd83\" data-id=\"a1afd83\" data-element_type=\"column\">\n\t\t\t<div class=\"elementor-widget-wrap elementor-element-populated\">\n\t\t\t\t\t\t<div class=\"elementor-element elementor-element-8b9a3b9 elementor-widget elementor-widget-image\" data-id=\"8b9a3b9\" data-element_type=\"widget\" data-widget_type=\"image.default\">\n\t\t\t\t<div class=\"elementor-widget-container\">\n\t\t\t\t\t\t\t\t\t\t\t\t\t\t\t<img fetchpriority=\"high\" decoding=\"async\" width=\"512\" height=\"512\" src=\"https:\/\/captura.pe\/wp-content\/uploads\/2021\/02\/Isotipo-color.png\" class=\"attachment-full size-full wp-image-312\" alt=\"\" srcset=\"https:\/\/captura.pe\/wp-content\/uploads\/2021\/02\/Isotipo-color.png 512w, https:\/\/captura.pe\/wp-content\/uploads\/2021\/02\/Isotipo-color-300x300.png 300w, https:\/\/captura.pe\/wp-content\/uploads\/2021\/02\/Isotipo-color-100x100.png 100w, https:\/\/captura.pe\/wp-content\/uploads\/2021\/02\/Isotipo-color-150x150.png 150w\" sizes=\"(max-width: 512px) 100vw, 512px\" \/>\t\t\t\t\t\t\t\t\t\t\t\t\t\t\t<\/div>\n\t\t\t\t<\/div>\n\t\t\t\t<div class=\"elementor-element elementor-element-e111f89 elementor-widget elementor-widget-heading\" data-id=\"e111f89\" data-element_type=\"widget\" data-widget_type=\"heading.default\">\n\t\t\t\t<div class=\"elementor-widget-container\">\n\t\t\t\t\t<h2 class=\"elementor-heading-title elementor-size-default\">Who are we?<\/h2>\t\t\t\t<\/div>\n\t\t\t\t<\/div>\n\t\t\t\t<div class=\"elementor-element elementor-element-d76d781 elementor-widget elementor-widget-text-editor\" data-id=\"d76d781\" data-element_type=\"widget\" data-widget_type=\"text-editor.default\">\n\t\t\t\t<div class=\"elementor-widget-container\">\n\t\t\t\t\t\t\t\t\t<div><p><span lang=\"ES-PE\">We are a Peruvian company founded in 2014, considered pioneers in e-learning in Peru.<\/span><\/p><p><span lang=\"ES-PE\">We have a team of 50 professionals in Instructional Design, Graphic Design, and Multimedia Programming, <b>highly creative<\/b><\/span><span lang=\"ES\">with the ability to develop <b>truly great <\/b>and\u00a0<b>high-quality content.<\/b>.<\/span><\/p><\/div>\t\t\t\t\t\t\t\t<\/div>\n\t\t\t\t<\/div>\n\t\t\t\t\t<\/div>\n\t\t<\/div>\n\t\t\t\t\t<\/div>\n\t\t<\/section>\n\t\t\t\t<\/div>","protected":false},"excerpt":{"rendered":"<p>\u00bfQui\u00e9nes somos? Somos una empresa peruana fundada el a\u00f1o 2014, nos consideramos dentro de los pioneros del e-learning en el Per\u00fa. Contamos con un equipo de 50 profesionales en el Dise\u00f1o Instruccional, Dise\u00f1o Gr\u00e1fico y Programadores multimedia, altamente creativos, con la capacidad de desarrollar contenidos realmente geniales y de\u00a0alta calidad.<\/p>","protected":false},"author":1,"featured_media":0,"parent":0,"menu_order":0,"comment_status":"closed","ping_status":"closed","template":"elementor_header_footer","meta":{"_acf_changed":false,"om_disable_all_campaigns":false,"_monsterinsights_skip_tracking":false,"_monsterinsights_sitenote_active":false,"_monsterinsights_sitenote_note":"","_monsterinsights_sitenote_category":0,"_uf_show_specific_survey":0,"_uf_disable_surveys":false,"_joinchat":[],"footnotes":""},"class_list":["post-116","page","type-page","status-publish","hentry"],"acf":[],"aioseo_notices":[],"_links":{"self":[{"href":"https:\/\/captura.pe\/en\/wp-json\/wp\/v2\/pages\/116","targetHints":{"allow":["GET"]}}],"collection":[{"href":"https:\/\/captura.pe\/en\/wp-json\/wp\/v2\/pages"}],"about":[{"href":"https:\/\/captura.pe\/en\/wp-json\/wp\/v2\/types\/page"}],"author":[{"embeddable":true,"href":"https:\/\/captura.pe\/en\/wp-json\/wp\/v2\/users\/1"}],"replies":[{"embeddable":true,"href":"https:\/\/captura.pe\/en\/wp-json\/wp\/v2\/comments?post=116"}],"version-history":[{"count":73,"href":"https:\/\/captura.pe\/en\/wp-json\/wp\/v2\/pages\/116\/revisions"}],"predecessor-version":[{"id":1577,"href":"https:\/\/captura.pe\/en\/wp-json\/wp\/v2\/pages\/116\/revisions\/1577"}],"wp:attachment":[{"href":"https:\/\/captura.pe\/en\/wp-json\/wp\/v2\/media?parent=116"}],"curies":[{"name":"wp","href":"https:\/\/api.w.org\/{rel}","templated":true}]}}